{"id":30725,"date":"2024-10-29T14:49:42","date_gmt":"2024-10-29T13:49:42","guid":{"rendered":"https:\/\/vereinwelle.ch\/?page_id=30725"},"modified":"2025-07-10T21:42:39","modified_gmt":"2025-07-10T19:42:39","slug":"testament","status":"publish","type":"page","link":"https:\/\/vereinwelle.ch\/de\/testament\/","title":{"rendered":"Testament"},"content":{"rendered":"<div data-elementor-type=\"wp-page\" data-elementor-id=\"30725\" class=\"elementor elementor-30725\" data-elementor-post-type=\"page\">\n\t\t\t\t<div class=\"elementor-element elementor-element-bc2f76d e-con-full e-flex e-con e-child\" data-id=\"bc2f76d\" data-element_type=\"container\" data-e-type=\"container\" data-settings=\"{&quot;background_background&quot;:&quot;classic&quot;}\">\n\t\t<div class=\"elementor-element elementor-element-e6b534a e-flex e-con-boxed e-con e-child\" data-id=\"e6b534a\" data-element_type=\"container\" data-e-type=\"container\">\n\t\t\t\t\t<div class=\"e-con-inner\">\n\t\t\t\t<div class=\"elementor-element elementor-element-fd29534 elementor-widget elementor-widget-heading\" data-id=\"fd29534\" data-element_type=\"widget\" data-e-type=\"widget\" data-widget_type=\"heading.default\">\n\t\t\t\t<div class=\"elementor-widget-container\">\n\t\t\t\t\t<h1 class=\"elementor-heading-title elementor-size-default\">Testament<\/h1>\t\t\t\t<\/div>\n\t\t\t\t<\/div>\n\t\t\t\t\t<\/div>\n\t\t\t\t<\/div>\n\t\t\t\t<\/div>\n\t\t<div class=\"elementor-element elementor-element-c7a9305 e-flex e-con-boxed e-con e-parent\" data-id=\"c7a9305\" data-element_type=\"container\" data-e-type=\"container\">\n\t\t\t\t\t<div class=\"e-con-inner\">\n\t\t\t\t<div class=\"elementor-element elementor-element-3114bdbd elementor-widget elementor-widget-text-editor\" data-id=\"3114bdbd\" data-element_type=\"widget\" data-e-type=\"widget\" data-widget_type=\"text-editor.default\">\n\t\t\t\t<div class=\"elementor-widget-container\">\n\t\t\t\t\t\t\t\t\t\n<p>Liebe Freunde,<\/p>\n<p>Setzen Sie sich \u00fcber Ihren Tod hinaus mit einem Verm\u00e4chtnis f\u00fcr Menschenrechte und Freiheit ein! Mit einem gro\u00dfz\u00fcgigen Verm\u00e4chtnis k\u00f6nnen Sie einen entscheidenden Beitrag zur Rettung von Menschenleben leisten und dem mutigen, engagierten iranischen Volk helfen, eine lebenswerte Zukunft in einem freien, fortschrittlichen und s\u00e4kularen Iran zu erreichen, in dem die Menschenrechte und die Gleichberechtigung aller Menschen, unabh\u00e4ngig von Geschlecht, Religion, Glauben und Kultur, gew\u00e4hrleistet sind. Aufgrund seiner reichen und alten Kultur - als das Land, in dem die erste Erkl\u00e4rung der Menschenrechte verfasst wurde - und des selbstlosen Engagements vieler Menschen aus allen Gesellschaftsschichten kann der Iran heute ein positives und inspirierendes Beispiel f\u00fcr eine bewusste, gebildete und friedliche Gesellschaft werden.<\/p>\n<p>Mit Ihren menschlichen Werten und Ihrer selbstlosen Unterst\u00fctzung k\u00f6nnen Sie f\u00fcr k\u00fcnftige Generationen ein Beispiel f\u00fcr Menschlichkeit und Engagement f\u00fcr Freiheit und Menschenrechte sein und sich so einen Ehrenplatz in den Herzen freiheitsliebender Menschen und in der Geschichte Irans verdienen.<\/p>\n<p>Der Verein Welle und seine ehrenamtlichen Mitarbeiter, die selbst Opfer der Mullah-Diktatur sind, setzen sich seit Jahrzehnten unerm\u00fcdlich f\u00fcr Menschenrechte und Freiheit im Iran ein. Durch internationale Aktivit\u00e4ten, \u00d6ffentlichkeitsarbeit, juristische Arbeit, st\u00e4ndige Mahnwachen, internationale Konferenzen, Publikationen und ein Satellitenprogramm haben wir dazu beigetragen, das Leben vieler Menschen durch internationalen Druck auf das im Iran herrschende Regime vor der Hinrichtung zu retten. Wir haben die Freilassung von inhaftierten jungen Frauen und Menschenrechtsaktivisten erreicht und damit den Familien, insbesondere den M\u00fcttern, ihre Lieben und ihre Hoffnung zur\u00fcckgegeben.<\/p>\n<p>Mit einer juristischen Kampagne konnten wir die Verurteilung mehrerer T\u00e4ter dieser Diktatur vor Gerichten hier in Europa erreichen und damit dem Regime zunehmend die H\u00e4nde binden, wenn es um die Repression gegen die Bev\u00f6lkerung im Iran geht. Wir haben auch erreicht, dass eine UN-Untersuchungskommission eingesetzt wurde.<\/p>\n<p>Mit Ihrem Verm\u00e4chtnis unterst\u00fctzen Sie eine junge Generation in ihrem Engagement f\u00fcr Freiheit und Menschenrechte im Iran, helfen mit, das Leben unschuldiger Menschen zu retten, f\u00f6rdern die strafrechtliche Verfolgung unmenschlicher Folterungen und Hinrichtungen und tragen so dazu bei, weitere derartige Repressionen zu verhindern.<\/p>\n<p>Wenn Sie Unterst\u00fctzung bei der Planung Ihres Verm\u00e4chtnisses ben\u00f6tigen, k\u00f6nnen Sie sich mit Ihren Fragen an uns wenden; bei Bedarf k\u00f6nnen wir Ihnen auch einen geeigneten Rechtsbeistand empfehlen.<\/p>\n<p>Wenn Sie unsere gemeinn\u00fctzige Organisation WELLE in Ihrem Testament erw\u00e4hnen m\u00f6chten, nennen Sie uns bitte wie folgt:<\/p>\n<p><strong>\"WELLE -Verein f\u00fcr Menschenrechte und Freiheit\",<br \/>Hermetschloostrasse 77, 8048 Z\u00fcrich, CHE-110.546.040<\/strong><\/p>\n<p>Ihr Verm\u00e4chtnis ist ein wertvolles Geschenk, das es jungen Menschen und k\u00fcnftigen Generationen im Iran erm\u00f6glichen wird, die Voraussetzungen f\u00fcr ein w\u00fcrdiges Leben in einem freien Land zu schaffen. Die Iraner werden sich mit Dankbarkeit an Sie erinnern.<\/p>\n<p>Vielen Dank f\u00fcr Ihre Aufmerksamkeit.<br \/>Welle - Vereinigung f\u00fcr Menschenrechte und Freiheit<\/p>\n\t\t\t\t\t\t\t\t<\/div>\n\t\t\t\t<\/div>\n\t\t\t\t<div class=\"elementor-element elementor-element-a5818e6 elementor-widget elementor-widget-html\" data-id=\"a5818e6\" data-element_type=\"widget\" data-e-type=\"widget\" data-widget_type=\"html.default\">\n\t\t\t\t<div class=\"elementor-widget-container\">\n\t\t\t\t\t<iframe src=\"https:\/\/vereinwelle.ch\/wp-content\/uploads\/2025\/07\/Testament-Broschure.pdf\" width=\"100%\" height=\"800px\"><\/iframe>\t\t\t\t<\/div>\n\t\t\t\t<\/div>\n\t\t\t\t\t<\/div>\n\t\t\t\t<\/div>\n\t\t\t\t<\/div>","protected":false},"excerpt":{"rendered":"<p>Dear friends, Make an impact beyond your own death with a legacy for human rights and freedom! With a generous bequest, you can make a decisive contribution to saving lives and help the courageous, committed Iranian people to achieve a future worth living in a free, progressive and secular Iran, where human rights and equality [&hellip;]<\/p>\n","protected":false},"author":1,"featured_media":30745,"parent":0,"menu_order":0,"comment_status":"closed","ping_status":"closed","template":"elementor_header_footer","meta":{"footnotes":""},"class_list":["post-30725","page","type-page","status-publish","has-post-thumbnail","hentry"],"_links":{"self":[{"href":"https:\/\/vereinwelle.ch\/de\/wp-json\/wp\/v2\/pages\/30725","targetHints":{"allow":["GET"]}}],"collection":[{"href":"https:\/\/vereinwelle.ch\/de\/wp-json\/wp\/v2\/pages"}],"about":[{"href":"https:\/\/vereinwelle.ch\/de\/wp-json\/wp\/v2\/types\/page"}],"author":[{"embeddable":true,"href":"https:\/\/vereinwelle.ch\/de\/wp-json\/wp\/v2\/users\/1"}],"replies":[{"embeddable":true,"href":"https:\/\/vereinwelle.ch\/de\/wp-json\/wp\/v2\/comments?post=30725"}],"version-history":[{"count":15,"href":"https:\/\/vereinwelle.ch\/de\/wp-json\/wp\/v2\/pages\/30725\/revisions"}],"predecessor-version":[{"id":31682,"href":"https:\/\/vereinwelle.ch\/de\/wp-json\/wp\/v2\/pages\/30725\/revisions\/31682"}],"wp:featuredmedia":[{"embeddable":true,"href":"https:\/\/vereinwelle.ch\/de\/wp-json\/wp\/v2\/media\/30745"}],"wp:attachment":[{"href":"https:\/\/vereinwelle.ch\/de\/wp-json\/wp\/v2\/media?parent=30725"}],"curies":[{"name":"wp","href":"https:\/\/api.w.org\/{rel}","templated":true}]}}