{"id":30840,"date":"2024-11-11T21:15:51","date_gmt":"2024-11-11T20:15:51","guid":{"rendered":"https:\/\/vereinwelle.ch\/?page_id=30840"},"modified":"2024-11-13T05:15:43","modified_gmt":"2024-11-13T04:15:43","slug":"ein-geschenk-aus-ihrem-wohltatigkeitsfonds-spenden","status":"publish","type":"page","link":"https:\/\/vereinwelle.ch\/de\/how-to-donate\/donate-a-gift-from-your-charity-fund\/","title":{"rendered":"Spenden Sie ein Geschenk aus Ihrem Wohlt\u00e4tigkeitsfonds"},"content":{"rendered":"<p>Vielen Dank, dass Sie eine Partnerschaft mit dem Welle Verein in Erw\u00e4gung ziehen, indem Sie uns eine Spende aus Ihrem Wohlt\u00e4tigkeitsfonds zukommen lassen. Ihre Gro\u00dfz\u00fcgigkeit hilft uns, wirkungsvolle Programme zu f\u00f6rdern, die bed\u00fcrftige Gemeinschaften unterst\u00fctzen, nachhaltige Ver\u00e4nderungen bewirken und wichtige Ressourcen dort bereitstellen, wo sie am dringendsten ben\u00f6tigt werden.<\/p>\n\n\n\n<p>Warum eine Spende?<\/p>\n\n\n\n<p>Spenden aus wohlt\u00e4tigen Fonds erm\u00f6glichen es uns, unsere Initiativen in Bereichen wie Gesundheit, Bildung und Widerstandsf\u00e4higkeit der Gemeinschaft zu erweitern und zu verbessern. Wenn Sie \u00fcber Ihre Stiftung spenden, schlie\u00dfen Sie sich einem Netzwerk von Partnern an, die sich f\u00fcr eine positive, dauerhafte Wirkung einsetzen. Wir stellen sicher, dass jede Spende effektiv eingesetzt wird, und erstatten regelm\u00e4\u00dfig Bericht dar\u00fcber, was Ihre Spende bewirkt.<\/p>\n\n\n\n<p>Schenken Sie etwas: Spendenformular<\/p>\n\n\n\n<p>Bitte verwenden Sie das nachstehende Formular, um eine Spende aus Ihrem Wohlt\u00e4tigkeitsfonds zu t\u00e4tigen. Nach dem Absenden wird sich unser Team mit Ihnen in Verbindung setzen, um zu besprechen, wie Ihr Beitrag zugewiesen und verwaltet wird, um Ihre Ziele zu erreichen.<\/p>\n\n\n\n<p>Spendenformular:<\/p>\n\n\n<div class=\"jet-fb-form-block\" data-is-block=\"jet-forms\/form-block\"><style id=\"jet-form-builder-30843-inline-css\"><\/style><form  class=\"jet-form-builder layout-column submit-type-ajax Custum-form\" action=\"https:\/\/vereinwelle.ch\/de\/wp-json\/wp\/v2\/pages\/30840\/?YBRAvZ=ROnHQ0eBKy&#038;method=reload\" method=\"POST\" data-form-id=\"30843\" data-layout=\"column\" enctype=\"multipart\/form-data\" data-clear=\"1\" novalidate=\"null\" ssr_validation_method=\"rest\" data-trp-original-action=\"https:\/\/vereinwelle.ch\/de\/wp-json\/wp\/v2\/pages\/30840\/?YBRAvZ=ROnHQ0eBKy&amp;method=reload\"><input type=\"hidden\" id=\"_wpnonce\" name=\"_wpnonce\" value=\"a27d3a4d55\" \/><input type=\"hidden\" name=\"_wp_http_referer\" value=\"\/de\/wp-json\/wp\/v2\/pages\/30840\" \/>\r\n<input type=\"hidden\" name=\"_jfb_current_render_states[]\" value=\"DEFAULT.STATE\" data-jfb-sync \/><input type=\"hidden\" class=\"jet-form-builder__field hidden-field\" name=\"_jet_engine_booking_form_id\" data-field-name=\"_jet_engine_booking_form_id\" value=\"30843\">\n<input type=\"hidden\" class=\"jet-form-builder__field hidden-field\" name=\"_jet_engine_refer\" data-field-name=\"_jet_engine_refer\" value=\"https:\/\/vereinwelle.ch\/de\/wp-json\/wp\/v2\/pages\/30840\/\">\n<input type=\"hidden\" class=\"jet-form-builder__field hidden-field\" name=\"__queried_post_id\" data-field-name=\"__queried_post_id\" value=\"30840\">\n<div  class=\"jet-form-builder-row field-type-text-field\" >\n<div class=\"jet-form-builder__label\">\r\n<div class=\"jet-form-builder__label-text\">Name der Stiftung\/Organisation: <span class=\"jet-form-builder__required\">*<\/span><\/div><\/div><div class=\"jet-form-builder__field-wrap\">\n\t\t\t\t<input required=\"required\" name=\"foundation_organization_name\" id=\"foundation_organization_name\" type=\"text\" data-field-name=\"foundation_organization_name\" class=\"jet-form-builder__field text-field\" data-jfb-sync=\"null\" autocomplete=\"off_wWqRIGfg\">\n\t\t\t\t\t<\/div>\n<\/div>\n\n<div  class=\"jet-form-builder-row field-type-text-field\" >\n<div class=\"jet-form-builder__label\">\r\n<div class=\"jet-form-builder__label-text\">Kontaktperson: <span class=\"jet-form-builder__required\">*<\/span><\/div><\/div><div class=\"jet-form-builder__field-wrap\">\n\t\t\t\t<input required=\"required\" name=\"contact-person\" id=\"contact-person\" type=\"text\" data-field-name=\"contact-person\" class=\"jet-form-builder__field text-field\" data-jfb-sync=\"null\" autocomplete=\"off_fOFdLq2H\">\n\t\t\t\t\t<\/div>\n<\/div>\n\n<div  class=\"jet-form-builder-row field-type-text-field\" >\n<div class=\"jet-form-builder__label\">\r\n<div class=\"jet-form-builder__label-text\">E-Mail Adresse: <span class=\"jet-form-builder__required\">*<\/span><\/div><\/div><div class=\"jet-form-builder__field-wrap\">\n\t\t\t\t<input required=\"required\" name=\"email\" id=\"email\" type=\"email\" data-field-name=\"email\" class=\"jet-form-builder__field text-field\" data-jfb-sync=\"null\" autocomplete=\"off_AYEtJTHo\">\n\t\t\t\t\t<\/div>\n<\/div>\n\n<div  class=\"jet-form-builder-row field-type-number-field\" >\n<div class=\"jet-form-builder__label\">\r\n<div class=\"jet-form-builder__label-text\">Betrag der Spende (CHF):<\/div><\/div><div class=\"jet-form-builder__field-wrap\">\n\t\t<input type=\"number\" class=\"jet-form-builder__field text-field\" name=\"gift_amount_chf\" data-field-name=\"gift_amount_chf\" id=\"gift_amount_chf\" data-jfb-sync=\"null\">\n\t<\/div>\n<\/div>\n\n<div  class=\"jet-form-builder-row field-type-select-field wp-block-jet-forms-select-field\">\n<div class=\"jet-form-builder__label\">\r\n<div class=\"jet-form-builder__label-text\">Bevorzugter Programmbereich:<\/div><\/div><div class=\"jet-form-builder__field-wrap\">\n\t<select class=\"jet-form-builder__field select-field\" name=\"prefered-program-area\" data-field-name=\"prefered-program-area\" id=\"prefered-program-area\" data-jfb-sync=\"null\">\n\t\t<option value=\"Health\" >Gesundheit<\/option><option value=\"Education \" >Bildung <\/option><option value=\"Community Development\" >Entwicklung der Gemeinschaft<\/option><option value=\"Other\" >Andere<\/option>\t<\/select>\n<\/div>\n<\/div>\n\n<div  class=\"jet-form-builder-row field-type-select-field wp-block-jet-forms-select-field\">\n<div class=\"jet-form-builder__label\">\r\n<div class=\"jet-form-builder__label-text\">Zahlungsmethode:<\/div><\/div><div class=\"jet-form-builder__field-wrap\">\n\t<select class=\"jet-form-builder__field select-field\" name=\"payment_method\" data-field-name=\"payment_method\" id=\"payment_method\" data-jfb-sync=\"null\">\n\t\t<option value=\"Bank Transfer\" >Bank\u00fcberweisung<\/option><option value=\"Credit Card\" >Kreditkarte<\/option>\t<\/select>\n<\/div>\n<\/div>\n\n<div class=\"jfb-visually-hidden\" tabindex=\"-1\"><div class=\"jet-form-builder__field-wrap\">\n\t\t\t\t<input name=\"_email\" id=\"_email\" type=\"email\" data-field-name=\"_email\" class=\"jet-form-builder__field text-field\" data-jfb-sync=\"null\" autocomplete=\"off_vXIA0GKP\">\n\t\t\t\t\t<\/div><\/div><div  class=\"jet-form-builder-row field-type-submit-field\" >\n\t<div data-type=\"submit\" class=\"jet-form-builder__action-button-wrapper jet-form-builder__submit-wrap\">\n\t<button class=\"jet-form-builder__action-button jet-form-builder__submit submit-type-ajax\" type=\"submit\">Einsenden<\/button>\n\t<\/div>\n\t\n<\/div>\t<div class=\"jet-form-builder-messages-wrap\" data-form-id=\"30843\"><\/div>\n<input type=\"hidden\" name=\"trp-form-language\" value=\"de\"\/><\/form>\n<\/div>\n\n\n<p><\/p>\n\n\n\n<p>Ihre Unterst\u00fctzung hilft uns, denjenigen, die in Not sind, Hoffnung und Chancen zu geben. F\u00fcr weitere Informationen oder um ma\u00dfgeschneiderte Spendenoptionen zu erkunden, kontaktieren Sie bitte unser Team unter <a href=\"mailto:info@vereinwelle.ch\">info@vereinwelle.ch<\/a><\/p>","protected":false},"excerpt":{"rendered":"<p>Thank you for considering a partnership with Welle Verein by donating a gift from your charity fund. Your generosity helps us drive impactful programs that support communities in need, creating sustainable change and providing critical resources where they are most needed. Why Donate a Gift? Gifts from charitable funds allow us to expand and enhance [&hellip;]<\/p>\n","protected":false},"author":1,"featured_media":0,"parent":30686,"menu_order":0,"comment_status":"closed","ping_status":"closed","template":"","meta":{"footnotes":""},"class_list":["post-30840","page","type-page","status-publish","hentry"],"_links":{"self":[{"href":"https:\/\/vereinwelle.ch\/de\/wp-json\/wp\/v2\/pages\/30840","targetHints":{"allow":["GET"]}}],"collection":[{"href":"https:\/\/vereinwelle.ch\/de\/wp-json\/wp\/v2\/pages"}],"about":[{"href":"https:\/\/vereinwelle.ch\/de\/wp-json\/wp\/v2\/types\/page"}],"author":[{"embeddable":true,"href":"https:\/\/vereinwelle.ch\/de\/wp-json\/wp\/v2\/users\/1"}],"replies":[{"embeddable":true,"href":"https:\/\/vereinwelle.ch\/de\/wp-json\/wp\/v2\/comments?post=30840"}],"version-history":[{"count":0,"href":"https:\/\/vereinwelle.ch\/de\/wp-json\/wp\/v2\/pages\/30840\/revisions"}],"up":[{"embeddable":true,"href":"https:\/\/vereinwelle.ch\/de\/wp-json\/wp\/v2\/pages\/30686"}],"wp:attachment":[{"href":"https:\/\/vereinwelle.ch\/de\/wp-json\/wp\/v2\/media?parent=30840"}],"curies":[{"name":"wp","href":"https:\/\/api.w.org\/{rel}","templated":true}]}}