{"id":30858,"date":"2024-11-11T21:37:33","date_gmt":"2024-11-11T20:37:33","guid":{"rendered":"https:\/\/vereinwelle.ch\/?page_id=30858"},"modified":"2025-03-17T12:15:01","modified_gmt":"2025-03-17T11:15:01","slug":"verdoppeln-sie-ihre-spende-mit-einer-passenden-spende","status":"publish","type":"page","link":"https:\/\/vereinwelle.ch\/de\/how-to-donate\/double-your-donation-matching-donation\/","title":{"rendered":"Verdoppeln Sie Ihre Spende: Erg\u00e4nzende Spende"},"content":{"rendered":"<p>Wussten Sie, dass Ihre Spende eine doppelt so gro\u00dfe Wirkung haben kann? Viele Unternehmen bieten \"Matching Gift\"-Programme an, bei denen sie Ihre Spende an registrierte Wohlt\u00e4tigkeitsorganisationen verdoppeln. Das bedeutet, dass Ihre gro\u00dfz\u00fcgige Spende an <strong>Welle <\/strong>kann ohne zus\u00e4tzliche Kosten f\u00fcr Sie noch weiter gehen!<\/p>\n\n\n\n<p>Wie Sie Ihre Spende verdoppeln k\u00f6nnen:<\/p>\n\n\n\n<p>1. Pr\u00fcfen Sie, ob Ihr Arbeitgeber Spenden verdoppelt: Unternehmen wie Google, Apple und Starbucks haben Programme, die Spenden verdoppeln oder sogar verdreifachen. Melden Sie sich bei der Plattform Ihres Unternehmens an (z. B. Benevity oder Your Cause) und suchen Sie nach <strong>Welle-Verein f\u00fcr Menschenrechte und Freiheit.&nbsp;<\/strong><\/p>\n\n\n\n<p>2. Gute Nachrichten, wir sind ein Teil von <a href=\"https:\/\/benevity.com\/de\/\" target=\"_blank\" rel=\"noopener\"><strong>Wohlt\u00e4tigkeit<\/strong><\/a>: Unser Verein ist auf der Benevity-Plattform als \"Welle\" aufgef\u00fchrt. W\u00e4hlen Sie uns aus, reichen Sie Ihre Spende ein, und Ihr Unternehmen wird sie verdoppeln!<\/p>\n\n\n\n<p>3. *Keine Listung? Kein Problem! Wenn Ihr Unternehmen uns noch nicht unterst\u00fctzt, bitten Sie es, \"Welle\" in die Liste der passenden Geschenke aufzunehmen. Auf diese Weise k\u00f6nnen wir Teil Ihrer Gemeinschaft werden und Ihre Wirkung maximieren.<\/p>\n\n\n\n<p>Warum das wichtig ist:<\/p>\n\n\n\n<p>Durch erg\u00e4nzende Spenden k\u00f6nnen wir mehr Menschen erreichen und gemeinsam noch mehr positive Ver\u00e4nderungen bewirken.<\/p>\n\n\n\n<p>Noch Fragen? Wenden Sie sich an uns unter 0445548261 oder info@vereinwele.ch. Danke, dass Sie Ihre Gro\u00dfz\u00fcgigkeit verst\u00e4rken!&nbsp;<\/p>","protected":false},"excerpt":{"rendered":"<p>Did you know your donation could have twice the impact? Many companies offer matching gift programs, where they match your donation to registered charities. This means your generous gift to Welle can go even further at no extra cost to you! How to Double Your Donation: 1. Check if Your Employer Matches Donations: Companies like [&hellip;]<\/p>\n","protected":false},"author":1,"featured_media":0,"parent":30686,"menu_order":0,"comment_status":"closed","ping_status":"closed","template":"","meta":{"footnotes":""},"class_list":["post-30858","page","type-page","status-publish","hentry"],"_links":{"self":[{"href":"https:\/\/vereinwelle.ch\/de\/wp-json\/wp\/v2\/pages\/30858","targetHints":{"allow":["GET"]}}],"collection":[{"href":"https:\/\/vereinwelle.ch\/de\/wp-json\/wp\/v2\/pages"}],"about":[{"href":"https:\/\/vereinwelle.ch\/de\/wp-json\/wp\/v2\/types\/page"}],"author":[{"embeddable":true,"href":"https:\/\/vereinwelle.ch\/de\/wp-json\/wp\/v2\/users\/1"}],"replies":[{"embeddable":true,"href":"https:\/\/vereinwelle.ch\/de\/wp-json\/wp\/v2\/comments?post=30858"}],"version-history":[{"count":1,"href":"https:\/\/vereinwelle.ch\/de\/wp-json\/wp\/v2\/pages\/30858\/revisions"}],"predecessor-version":[{"id":31198,"href":"https:\/\/vereinwelle.ch\/de\/wp-json\/wp\/v2\/pages\/30858\/revisions\/31198"}],"up":[{"embeddable":true,"href":"https:\/\/vereinwelle.ch\/de\/wp-json\/wp\/v2\/pages\/30686"}],"wp:attachment":[{"href":"https:\/\/vereinwelle.ch\/de\/wp-json\/wp\/v2\/media?parent=30858"}],"curies":[{"name":"wp","href":"https:\/\/api.w.org\/{rel}","templated":true}]}}