{"id":31969,"date":"2025-12-08T14:38:30","date_gmt":"2025-12-08T13:38:30","guid":{"rendered":"https:\/\/vereinwelle.ch\/?page_id=31969"},"modified":"2025-12-08T14:41:01","modified_gmt":"2025-12-08T13:41:01","slug":"werden-sie-monatlicher-unterstutzer","status":"publish","type":"page","link":"https:\/\/vereinwelle.ch\/de\/how-to-donate\/become-a-monthly-supporter\/","title":{"rendered":"Werden Sie monatlicher Unterst\u00fctzer"},"content":{"rendered":"<p>Bei Welle beginnt unsere Arbeit mit einer einfachen, aber wirkungsvollen Verpflichtung:<br><strong>die Stimmen h\u00f6rbar zu machen, die Regime zu unterdr\u00fccken versuchen.<\/strong><\/p>\n\n\n\n<p>Jeden Tag dokumentieren wir Menschenrechtsverletzungen, machen auf unschuldige Gefangene aufmerksam, beleuchten die Situation schutzbed\u00fcrftiger Kinder, decken Umweltzerst\u00f6rung auf und geben religi\u00f6sen und ethnischen Minderheiten, die Diskriminierung und Unterdr\u00fcckung ausgesetzt sind, eine Stimme.<\/p>\n\n\n\n<p>Um diese Stimmen weiterhin zu verst\u00e4rken \u2013 konsequent und unabh\u00e4ngig \u2013, sind wir auf Menschen angewiesen, die sich daf\u00fcr entscheiden, uns zu unterst\u00fctzen. <strong>Monat f\u00fcr Monat<\/strong>.<\/p>\n\n\n\n<h2 class=\"wp-block-heading\"><strong>Warum monatliche Spenden wichtig sind<\/strong><\/h2>\n\n\n\n<p>Eine monatliche Spende st\u00e4rkt unsere F\u00e4higkeit,<\/p>\n\n\n\n<ul class=\"wp-block-list\">\n<li>Kontinuierlich \u00fcber Menschenrechtsverletzungen berichten<\/li>\n\n\n\n<li>Internationale Aufmerksamkeit f\u00fcr politische Gefangene<\/li>\n\n\n\n<li>Berichte \u00fcber Kinder und Familien, die von staatlicher Gewalt betroffen sind, teilen<\/li>\n\n\n\n<li>\u00d6kologische Zerst\u00f6rung aufdecken, die vor der \u00d6ffentlichkeit verborgen bleibt<\/li>\n\n\n\n<li>Religi\u00f6sen Minderheiten und Gemeinschaften, die unter Druck stehen, Sichtbarkeit verschaffen<\/li>\n<\/ul>\n\n\n\n<p>Ihre regelm\u00e4\u00dfige Unterst\u00fctzung erm\u00f6glicht es uns, weiterhin Licht ins Dunkel zu bringen, wo Schweigen erzwungen wird.<\/p>\n\n\n\n<p>Welle ist steuerbefreit und gemeinn\u00fctzig.<\/p>\n\n\n\n<div id=\"rnw-solution-embed-ktrxw\" style=\"width: 100%; margin: 0 auto; max-width: 580px;\"><\/div>\n<script type=\"module\">\n  import {SolutionEmbed} from \"https:\/\/cdn.jsdelivr.net\/npm\/@raisenow\/solution-embed@1\/dist\/index.js\"\n  SolutionEmbed.render(\"#rnw-solution-embed-ktrxw\", {\n    \"url\": \"https:\/\/donate.raisenow.io\/ktrxw\",\n    \"info\": false,\n  })\n<\/script>\n\n\n\n<p><strong>Stehen Sie uns bei \u2013 helfen Sie dabei, dass ihre Stimmen geh\u00f6rt werden<\/strong><\/p>\n\n\n\n<p>Als monatlicher Unterst\u00fctzer werden Sie Teil einer Gemeinschaft, die sich daf\u00fcr einsetzt, dass keine Geschichte von Unterdr\u00fcckung, Mut oder Widerstand in Vergessenheit ger\u00e4t.<\/p>\n\n\n\n<p>Ihre Unterst\u00fctzung hilft Welle dabei, weiterhin zu dokumentieren, zu informieren und Bewusstsein zu schaffen \u2013 und Raum f\u00fcr Stimmen zu schaffen, die nicht verloren gehen d\u00fcrfen.<\/p>\n\n\n\n<p><strong>Danke, dass Sie uns zur Seite stehen.<\/strong><br><strong>Das Welle-Team<\/strong> F\u00fcr weitere Informationen oder um ma\u00dfgeschneiderte Spendenoptionen zu erkunden, wenden Sie sich bitte an unser Team unter <a href=\"mailto:info@vereinwelle.ch\">info@vereinwelle.ch<\/a><\/p>\n\n\n\n<p><\/p>","protected":false},"excerpt":{"rendered":"<p>At Welle, our work begins with a simple but powerful commitment:to make heard the voices that regimes try to silence. Every day, we document human rights violations, bring attention to innocent prisoners, highlight the situation of vulnerable children, uncover environmental destruction, and give visibility to religious and ethnic minorities who face discrimination and oppression. To [&hellip;]<\/p>\n","protected":false},"author":3,"featured_media":0,"parent":30686,"menu_order":0,"comment_status":"closed","ping_status":"closed","template":"","meta":{"footnotes":""},"class_list":["post-31969","page","type-page","status-publish","hentry"],"_links":{"self":[{"href":"https:\/\/vereinwelle.ch\/de\/wp-json\/wp\/v2\/pages\/31969","targetHints":{"allow":["GET"]}}],"collection":[{"href":"https:\/\/vereinwelle.ch\/de\/wp-json\/wp\/v2\/pages"}],"about":[{"href":"https:\/\/vereinwelle.ch\/de\/wp-json\/wp\/v2\/types\/page"}],"author":[{"embeddable":true,"href":"https:\/\/vereinwelle.ch\/de\/wp-json\/wp\/v2\/users\/3"}],"replies":[{"embeddable":true,"href":"https:\/\/vereinwelle.ch\/de\/wp-json\/wp\/v2\/comments?post=31969"}],"version-history":[{"count":4,"href":"https:\/\/vereinwelle.ch\/de\/wp-json\/wp\/v2\/pages\/31969\/revisions"}],"predecessor-version":[{"id":31974,"href":"https:\/\/vereinwelle.ch\/de\/wp-json\/wp\/v2\/pages\/31969\/revisions\/31974"}],"up":[{"embeddable":true,"href":"https:\/\/vereinwelle.ch\/de\/wp-json\/wp\/v2\/pages\/30686"}],"wp:attachment":[{"href":"https:\/\/vereinwelle.ch\/de\/wp-json\/wp\/v2\/media?parent=31969"}],"curies":[{"name":"wp","href":"https:\/\/api.w.org\/{rel}","templated":true}]}}