{"id":30725,"date":"2024-10-29T14:49:42","date_gmt":"2024-10-29T13:49:42","guid":{"rendered":"https:\/\/vereinwelle.ch\/?page_id=30725"},"modified":"2025-07-10T21:42:39","modified_gmt":"2025-07-10T19:42:39","slug":"testament","status":"publish","type":"page","link":"https:\/\/vereinwelle.ch\/fr\/testament\/","title":{"rendered":"Testament"},"content":{"rendered":"<div data-elementor-type=\"wp-page\" data-elementor-id=\"30725\" class=\"elementor elementor-30725\" data-elementor-post-type=\"page\">\n\t\t\t\t<div class=\"elementor-element elementor-element-bc2f76d e-con-full e-flex e-con e-child\" data-id=\"bc2f76d\" data-element_type=\"container\" data-e-type=\"container\" data-settings=\"{&quot;background_background&quot;:&quot;classic&quot;}\">\n\t\t<div class=\"elementor-element elementor-element-e6b534a e-flex e-con-boxed e-con e-child\" data-id=\"e6b534a\" data-element_type=\"container\" data-e-type=\"container\">\n\t\t\t\t\t<div class=\"e-con-inner\">\n\t\t\t\t<div class=\"elementor-element elementor-element-fd29534 elementor-widget elementor-widget-heading\" data-id=\"fd29534\" data-element_type=\"widget\" data-e-type=\"widget\" data-widget_type=\"heading.default\">\n\t\t\t\t<div class=\"elementor-widget-container\">\n\t\t\t\t\t<h1 class=\"elementor-heading-title elementor-size-default\">Testament<\/h1>\t\t\t\t<\/div>\n\t\t\t\t<\/div>\n\t\t\t\t\t<\/div>\n\t\t\t\t<\/div>\n\t\t\t\t<\/div>\n\t\t<div class=\"elementor-element elementor-element-c7a9305 e-flex e-con-boxed e-con e-parent\" data-id=\"c7a9305\" data-element_type=\"container\" data-e-type=\"container\">\n\t\t\t\t\t<div class=\"e-con-inner\">\n\t\t\t\t<div class=\"elementor-element elementor-element-3114bdbd elementor-widget elementor-widget-text-editor\" data-id=\"3114bdbd\" data-element_type=\"widget\" data-e-type=\"widget\" data-widget_type=\"text-editor.default\">\n\t\t\t\t<div class=\"elementor-widget-container\">\n\t\t\t\t\t\t\t\t\t\n<p>Chers amis,<\/p>\n<p>Laissez un impact au-del\u00e0 de votre mort en faisant un legs en faveur des droits de l'homme et de la libert\u00e9 ! Gr\u00e2ce \u00e0 un legs g\u00e9n\u00e9reux, vous pouvez contribuer de mani\u00e8re d\u00e9cisive \u00e0 sauver des vies et aider le peuple iranien, courageux et engag\u00e9, \u00e0 atteindre un avenir digne d'\u00eatre v\u00e9cu dans un Iran libre, progressiste et la\u00efque, o\u00f9 les droits de l'homme et l'\u00e9galit\u00e9 pour tous, ind\u00e9pendamment du sexe, de la religion, des croyances et de la culture, sont garantis. Gr\u00e2ce \u00e0 sa culture riche et ancienne - c'est dans ce pays qu'a \u00e9t\u00e9 r\u00e9dig\u00e9e la premi\u00e8re d\u00e9claration des droits de l'homme - et \u00e0 l'engagement d\u00e9sint\u00e9ress\u00e9 de nombreuses personnes de tous horizons, l'Iran peut devenir un exemple positif et inspirant d'une soci\u00e9t\u00e9 consciente, \u00e9duqu\u00e9e et pacifique.<\/p>\n<p>Gr\u00e2ce \u00e0 vos valeurs humaines et \u00e0 votre soutien d\u00e9sint\u00e9ress\u00e9, vous pouvez \u00eatre un exemple d'humanit\u00e9 et d'engagement en faveur de la libert\u00e9 et des droits de l'homme pour les g\u00e9n\u00e9rations futures et m\u00e9riter ainsi une place d'honneur dans le c\u0153ur des personnes \u00e9prises de libert\u00e9 et dans l'histoire de l'Iran.<\/p>\n<p>L'association Welle et ses b\u00e9n\u00e9voles, eux-m\u00eames victimes de la dictature des mollahs, travaillent sans rel\u00e2che depuis des d\u00e9cennies pour promouvoir les droits de l'homme et la libert\u00e9 en Iran. Gr\u00e2ce \u00e0 des activit\u00e9s internationales, des relations publiques, un travail juridique, des veilles permanentes, des conf\u00e9rences internationales, des publications et un programme satellite, nous avons contribu\u00e9 \u00e0 sauver la vie de nombreuses personnes de l'ex\u00e9cution gr\u00e2ce \u00e0 la pression internationale exerc\u00e9e sur le r\u00e9gime au pouvoir en Iran. Nous avons obtenu la lib\u00e9ration de jeunes femmes et de militants des droits de l'homme emprisonn\u00e9s, ce qui a permis \u00e0 des familles, en particulier \u00e0 des m\u00e8res, de retrouver leurs proches et leur espoir.<\/p>\n<p>Gr\u00e2ce \u00e0 une campagne juridique, nous avons pu obtenir la condamnation de plusieurs auteurs de cette dictature devant les tribunaux europ\u00e9ens, ce qui a eu pour effet de lier de plus en plus les mains du r\u00e9gime en ce qui concerne la r\u00e9pression contre la population en Iran. Nous avons \u00e9galement r\u00e9ussi \u00e0 obtenir la cr\u00e9ation d'une commission d'enqu\u00eate de l'ONU.<\/p>\n<p>Par votre legs, vous soutenez une jeune g\u00e9n\u00e9ration dans son engagement en faveur de la libert\u00e9 et des droits de l'homme en Iran, vous contribuez \u00e0 sauver la vie d'innocents, vous encouragez les poursuites p\u00e9nales contre les tortures et les ex\u00e9cutions inhumaines et vous contribuez ainsi \u00e0 la pr\u00e9vention de nouvelles r\u00e9pressions de ce type.<\/p>\n<p>Si vous avez besoin d'aide pour planifier votre h\u00e9ritage, n'h\u00e9sitez pas \u00e0 nous contacter pour nous poser vos questions ; si n\u00e9cessaire, nous pouvons \u00e9galement vous recommander un conseiller juridique appropri\u00e9.<\/p>\n<p>Si vous souhaitez mentionner l'asbl WELLE dans votre testament, merci de nous nommer comme suit :<\/p>\n<p><strong>\"WELLE -Verein f\u00fcr Menschenrechte und Freiheit\",<br \/>Hermetschloostrasse 77, 8048 Z\u00fcrich, CHE-110.546.040<\/strong><\/p>\n<p>Votre legs est un cadeau pr\u00e9cieux qui permettra aux jeunes et aux g\u00e9n\u00e9rations futures en Iran de cr\u00e9er les conditions d'une vie digne dans un pays libre. Les Iraniens se souviendront de vous avec gratitude.<\/p>\n<p>Merci beaucoup.<br \/>Welle - Association pour les droits de l'homme et la libert\u00e9<\/p>\n\t\t\t\t\t\t\t\t<\/div>\n\t\t\t\t<\/div>\n\t\t\t\t<div class=\"elementor-element elementor-element-a5818e6 elementor-widget elementor-widget-html\" data-id=\"a5818e6\" data-element_type=\"widget\" data-e-type=\"widget\" data-widget_type=\"html.default\">\n\t\t\t\t<div class=\"elementor-widget-container\">\n\t\t\t\t\t<iframe src=\"https:\/\/vereinwelle.ch\/wp-content\/uploads\/2025\/07\/Testament-Broschure.pdf\" width=\"100%\" height=\"800px\"><\/iframe>\t\t\t\t<\/div>\n\t\t\t\t<\/div>\n\t\t\t\t\t<\/div>\n\t\t\t\t<\/div>\n\t\t\t\t<\/div>","protected":false},"excerpt":{"rendered":"<p>Dear friends, Make an impact beyond your own death with a legacy for human rights and freedom! With a generous bequest, you can make a decisive contribution to saving lives and help the courageous, committed Iranian people to achieve a future worth living in a free, progressive and secular Iran, where human rights and equality [&hellip;]<\/p>\n","protected":false},"author":1,"featured_media":30745,"parent":0,"menu_order":0,"comment_status":"closed","ping_status":"closed","template":"elementor_header_footer","meta":{"footnotes":""},"class_list":["post-30725","page","type-page","status-publish","has-post-thumbnail","hentry"],"_links":{"self":[{"href":"https:\/\/vereinwelle.ch\/fr\/wp-json\/wp\/v2\/pages\/30725","targetHints":{"allow":["GET"]}}],"collection":[{"href":"https:\/\/vereinwelle.ch\/fr\/wp-json\/wp\/v2\/pages"}],"about":[{"href":"https:\/\/vereinwelle.ch\/fr\/wp-json\/wp\/v2\/types\/page"}],"author":[{"embeddable":true,"href":"https:\/\/vereinwelle.ch\/fr\/wp-json\/wp\/v2\/users\/1"}],"replies":[{"embeddable":true,"href":"https:\/\/vereinwelle.ch\/fr\/wp-json\/wp\/v2\/comments?post=30725"}],"version-history":[{"count":15,"href":"https:\/\/vereinwelle.ch\/fr\/wp-json\/wp\/v2\/pages\/30725\/revisions"}],"predecessor-version":[{"id":31682,"href":"https:\/\/vereinwelle.ch\/fr\/wp-json\/wp\/v2\/pages\/30725\/revisions\/31682"}],"wp:featuredmedia":[{"embeddable":true,"href":"https:\/\/vereinwelle.ch\/fr\/wp-json\/wp\/v2\/media\/30745"}],"wp:attachment":[{"href":"https:\/\/vereinwelle.ch\/fr\/wp-json\/wp\/v2\/media?parent=30725"}],"curies":[{"name":"wp","href":"https:\/\/api.w.org\/{rel}","templated":true}]}}