{"id":30840,"date":"2024-11-11T21:15:51","date_gmt":"2024-11-11T20:15:51","guid":{"rendered":"https:\/\/vereinwelle.ch\/?page_id=30840"},"modified":"2024-11-13T05:15:43","modified_gmt":"2024-11-13T04:15:43","slug":"faire-un-don-a-partir-de-votre-fonds-de-charite","status":"publish","type":"page","link":"https:\/\/vereinwelle.ch\/fr\/how-to-donate\/donate-a-gift-from-your-charity-fund\/","title":{"rendered":"Faire un don \u00e0 partir de votre fonds de bienfaisance"},"content":{"rendered":"<p>Nous vous remercions d'envisager un partenariat avec Welle Verein en faisant un don \u00e0 partir de votre fonds de bienfaisance. Votre g\u00e9n\u00e9rosit\u00e9 nous aide \u00e0 mettre en \u0153uvre des programmes efficaces qui soutiennent les communaut\u00e9s dans le besoin, en cr\u00e9ant un changement durable et en fournissant des ressources essentielles l\u00e0 o\u00f9 elles sont le plus n\u00e9cessaires.<\/p>\n\n\n\n<p>Pourquoi faire un don ?<\/p>\n\n\n\n<p>Les dons provenant de fonds caritatifs nous permettent d'\u00e9tendre et d'am\u00e9liorer nos initiatives dans des domaines tels que la sant\u00e9, l'\u00e9ducation et la r\u00e9silience des communaut\u00e9s. En faisant un don par l'interm\u00e9diaire de votre fondation, vous rejoignez un r\u00e9seau de partenaires qui s'efforcent d'avoir un impact positif et durable. Nous veillons \u00e0 ce que chaque don soit utilis\u00e9 de mani\u00e8re efficace, avec des rapports r\u00e9guliers sur l'impact de votre don.<\/p>\n\n\n\n<p>Faire un don : Formulaire de don<\/p>\n\n\n\n<p>Veuillez utiliser le formulaire ci-dessous pour faire un don \u00e0 partir de votre fonds de bienfaisance. Une fois le formulaire soumis, notre \u00e9quipe vous contactera pour discuter de la mani\u00e8re dont votre contribution sera allou\u00e9e et g\u00e9r\u00e9e afin d'atteindre vos objectifs.<\/p>\n\n\n\n<p>Formulaire de don :<\/p>\n\n\n<div class=\"jet-fb-form-block\" data-is-block=\"jet-forms\/form-block\"><style id=\"jet-form-builder-30843-inline-css\"><\/style><form  class=\"jet-form-builder layout-column submit-type-ajax Custum-form\" action=\"https:\/\/vereinwelle.ch\/fr\/wp-json\/wp\/v2\/pages\/30840\/?YBRAvZ=ROnHQ0eBKy&#038;method=reload\" method=\"POST\" data-form-id=\"30843\" data-layout=\"column\" enctype=\"multipart\/form-data\" data-clear=\"1\" novalidate=\"null\" ssr_validation_method=\"rest\" data-trp-original-action=\"https:\/\/vereinwelle.ch\/fr\/wp-json\/wp\/v2\/pages\/30840\/?YBRAvZ=ROnHQ0eBKy&amp;method=reload\"><input type=\"hidden\" id=\"_wpnonce\" name=\"_wpnonce\" value=\"1732eaa138\" \/><input type=\"hidden\" name=\"_wp_http_referer\" value=\"\/fr\/wp-json\/wp\/v2\/pages\/30840\" \/>\r\n<input type=\"hidden\" name=\"_jfb_current_render_states[]\" value=\"DEFAULT.STATE\" data-jfb-sync \/><input type=\"hidden\" class=\"jet-form-builder__field hidden-field\" name=\"_jet_engine_booking_form_id\" data-field-name=\"_jet_engine_booking_form_id\" value=\"30843\">\n<input type=\"hidden\" class=\"jet-form-builder__field hidden-field\" name=\"_jet_engine_refer\" data-field-name=\"_jet_engine_refer\" value=\"https:\/\/vereinwelle.ch\/fr\/wp-json\/wp\/v2\/pages\/30840\/\">\n<input type=\"hidden\" class=\"jet-form-builder__field hidden-field\" name=\"__queried_post_id\" data-field-name=\"__queried_post_id\" value=\"30840\">\n<div  class=\"jet-form-builder-row field-type-text-field\" >\n<div class=\"jet-form-builder__label\">\r\n<div class=\"jet-form-builder__label-text\">Nom de la fondation ou de l'organisation : <span class=\"jet-form-builder__required\">*<\/span><\/div><\/div><div class=\"jet-form-builder__field-wrap\">\n\t\t\t\t<input required=\"required\" name=\"foundation_organization_name\" id=\"foundation_organization_name\" type=\"text\" data-field-name=\"foundation_organization_name\" class=\"jet-form-builder__field text-field\" data-jfb-sync=\"null\" autocomplete=\"off_fLM6qrEu\">\n\t\t\t\t\t<\/div>\n<\/div>\n\n<div  class=\"jet-form-builder-row field-type-text-field\" >\n<div class=\"jet-form-builder__label\">\r\n<div class=\"jet-form-builder__label-text\">Personne de contact : <span class=\"jet-form-builder__required\">*<\/span><\/div><\/div><div class=\"jet-form-builder__field-wrap\">\n\t\t\t\t<input required=\"required\" name=\"contact-person\" id=\"contact-person\" type=\"text\" data-field-name=\"contact-person\" class=\"jet-form-builder__field text-field\" data-jfb-sync=\"null\" autocomplete=\"off_iNvA86nu\">\n\t\t\t\t\t<\/div>\n<\/div>\n\n<div  class=\"jet-form-builder-row field-type-text-field\" >\n<div class=\"jet-form-builder__label\">\r\n<div class=\"jet-form-builder__label-text\">Adresse \u00e9lectronique : <span class=\"jet-form-builder__required\">*<\/span><\/div><\/div><div class=\"jet-form-builder__field-wrap\">\n\t\t\t\t<input required=\"required\" name=\"email\" id=\"email\" type=\"email\" data-field-name=\"email\" class=\"jet-form-builder__field text-field\" data-jfb-sync=\"null\" autocomplete=\"off_JaUs0e1K\">\n\t\t\t\t\t<\/div>\n<\/div>\n\n<div  class=\"jet-form-builder-row field-type-number-field\" >\n<div class=\"jet-form-builder__label\">\r\n<div class=\"jet-form-builder__label-text\">Montant du don (CHF) :<\/div><\/div><div class=\"jet-form-builder__field-wrap\">\n\t\t<input type=\"number\" class=\"jet-form-builder__field text-field\" name=\"gift_amount_chf\" data-field-name=\"gift_amount_chf\" id=\"gift_amount_chf\" data-jfb-sync=\"null\">\n\t<\/div>\n<\/div>\n\n<div  class=\"jet-form-builder-row field-type-select-field wp-block-jet-forms-select-field\">\n<div class=\"jet-form-builder__label\">\r\n<div class=\"jet-form-builder__label-text\">Domaine de programme pr\u00e9f\u00e9r\u00e9 :<\/div><\/div><div class=\"jet-form-builder__field-wrap\">\n\t<select class=\"jet-form-builder__field select-field\" name=\"prefered-program-area\" data-field-name=\"prefered-program-area\" id=\"prefered-program-area\" data-jfb-sync=\"null\">\n\t\t<option value=\"Health\" >Sant\u00e9<\/option><option value=\"Education \" >L'\u00e9ducation <\/option><option value=\"Community Development\" >D\u00e9veloppement communautaire<\/option><option value=\"Other\" >Autres<\/option>\t<\/select>\n<\/div>\n<\/div>\n\n<div  class=\"jet-form-builder-row field-type-select-field wp-block-jet-forms-select-field\">\n<div class=\"jet-form-builder__label\">\r\n<div class=\"jet-form-builder__label-text\">Mode de paiement :<\/div><\/div><div class=\"jet-form-builder__field-wrap\">\n\t<select class=\"jet-form-builder__field select-field\" name=\"payment_method\" data-field-name=\"payment_method\" id=\"payment_method\" data-jfb-sync=\"null\">\n\t\t<option value=\"Bank Transfer\" >Virement bancaire<\/option><option value=\"Credit Card\" >Carte de cr\u00e9dit<\/option>\t<\/select>\n<\/div>\n<\/div>\n\n<div class=\"jfb-visually-hidden\" tabindex=\"-1\"><div class=\"jet-form-builder__field-wrap\">\n\t\t\t\t<input name=\"_email\" id=\"_email\" type=\"email\" data-field-name=\"_email\" class=\"jet-form-builder__field text-field\" data-jfb-sync=\"null\" autocomplete=\"off_XopN4yAH\">\n\t\t\t\t\t<\/div><\/div><div  class=\"jet-form-builder-row field-type-submit-field\" >\n\t<div data-type=\"submit\" class=\"jet-form-builder__action-button-wrapper jet-form-builder__submit-wrap\">\n\t<button class=\"jet-form-builder__action-button jet-form-builder__submit submit-type-ajax\" type=\"submit\">Soumettre<\/button>\n\t<\/div>\n\t\n<\/div>\t<div class=\"jet-form-builder-messages-wrap\" data-form-id=\"30843\"><\/div>\n<input type=\"hidden\" name=\"trp-form-language\" value=\"fr\"\/><\/form>\n<\/div>\n\n\n<p><\/p>\n\n\n\n<p>Votre soutien nous aide \u00e0 apporter de l'espoir et des opportunit\u00e9s \u00e0 ceux qui sont confront\u00e9s \u00e0 des difficult\u00e9s. Pour de plus amples informations ou pour explorer les possibilit\u00e9s de dons personnalis\u00e9s, veuillez contacter notre \u00e9quipe \u00e0 l'adresse suivante <a href=\"mailto:info@vereinwelle.ch\">info@vereinwelle.ch<\/a><\/p>","protected":false},"excerpt":{"rendered":"<p>Thank you for considering a partnership with Welle Verein by donating a gift from your charity fund. Your generosity helps us drive impactful programs that support communities in need, creating sustainable change and providing critical resources where they are most needed. Why Donate a Gift? Gifts from charitable funds allow us to expand and enhance [&hellip;]<\/p>\n","protected":false},"author":1,"featured_media":0,"parent":30686,"menu_order":0,"comment_status":"closed","ping_status":"closed","template":"","meta":{"footnotes":""},"class_list":["post-30840","page","type-page","status-publish","hentry"],"_links":{"self":[{"href":"https:\/\/vereinwelle.ch\/fr\/wp-json\/wp\/v2\/pages\/30840","targetHints":{"allow":["GET"]}}],"collection":[{"href":"https:\/\/vereinwelle.ch\/fr\/wp-json\/wp\/v2\/pages"}],"about":[{"href":"https:\/\/vereinwelle.ch\/fr\/wp-json\/wp\/v2\/types\/page"}],"author":[{"embeddable":true,"href":"https:\/\/vereinwelle.ch\/fr\/wp-json\/wp\/v2\/users\/1"}],"replies":[{"embeddable":true,"href":"https:\/\/vereinwelle.ch\/fr\/wp-json\/wp\/v2\/comments?post=30840"}],"version-history":[{"count":0,"href":"https:\/\/vereinwelle.ch\/fr\/wp-json\/wp\/v2\/pages\/30840\/revisions"}],"up":[{"embeddable":true,"href":"https:\/\/vereinwelle.ch\/fr\/wp-json\/wp\/v2\/pages\/30686"}],"wp:attachment":[{"href":"https:\/\/vereinwelle.ch\/fr\/wp-json\/wp\/v2\/media?parent=30840"}],"curies":[{"name":"wp","href":"https:\/\/api.w.org\/{rel}","templated":true}]}}