{"id":30858,"date":"2024-11-11T21:37:33","date_gmt":"2024-11-11T20:37:33","guid":{"rendered":"https:\/\/vereinwelle.ch\/?page_id=30858"},"modified":"2025-03-17T12:15:01","modified_gmt":"2025-03-17T11:15:01","slug":"doublez-votre-don-don-equivalent","status":"publish","type":"page","link":"https:\/\/vereinwelle.ch\/fr\/how-to-donate\/double-your-donation-matching-donation\/","title":{"rendered":"Doublez votre don : Donation de contrepartie"},"content":{"rendered":"<p>Saviez-vous que votre don pouvait avoir deux fois plus d'impact ? De nombreuses entreprises proposent des programmes de dons jumel\u00e9s, dans le cadre desquels elles versent une somme \u00e9quivalente \u00e0 votre don \u00e0 des organismes de bienfaisance enregistr\u00e9s. Cela signifie que votre don g\u00e9n\u00e9reux \u00e0 <strong>Welle <\/strong>peut aller encore plus loin, sans frais suppl\u00e9mentaires pour vous !<\/p>\n\n\n\n<p>Comment doubler votre don :<\/p>\n\n\n\n<p>1. V\u00e9rifiez si votre employeur double les dons : Des entreprises comme Google, Apple et Starbucks ont des programmes qui doublent, voire triplent les dons. Connectez-vous \u00e0 la plateforme de votre entreprise (telle que Benevity ou Your Cause) et recherchez les \u00e9l\u00e9ments suivants <strong>Welle-Verein f\u00fcr Menschenrechte und Freiheit.&nbsp;<\/strong><\/p>\n\n\n\n<p>2. Bonne nouvelle, nous faisons partie de <a href=\"https:\/\/benevity.com\/de\/\" target=\"_blank\" rel=\"noopener\"><strong>Benevity<\/strong><\/a>Notre association est r\u00e9pertori\u00e9e comme \"Welle\" dans la plateforme Benevity. S\u00e9lectionnez-nous, soumettez votre don, et votre entreprise l'abondera !<\/p>\n\n\n\n<p>3. *Pas de liste ? Pas de probl\u00e8me ! Si votre entreprise ne nous soutient pas encore, demandez-lui d'ajouter \"Welle\" \u00e0 sa liste de donateurs. Ainsi, nous pourrons faire partie de votre communaut\u00e9 et maximiser votre impact.<\/p>\n\n\n\n<p>Pourquoi c'est important :<\/p>\n\n\n\n<p>Les dons jumel\u00e9s nous permettent d'atteindre plus de personnes et de cr\u00e9er un changement positif encore plus important - ensemble.<\/p>\n\n\n\n<p>Vous avez des questions ? Contactez-nous \u00e0 0445548261 ou info@vereinwele.ch. Merci d'amplifier votre g\u00e9n\u00e9rosit\u00e9 !&nbsp;<\/p>","protected":false},"excerpt":{"rendered":"<p>Did you know your donation could have twice the impact? Many companies offer matching gift programs, where they match your donation to registered charities. This means your generous gift to Welle can go even further at no extra cost to you! How to Double Your Donation: 1. Check if Your Employer Matches Donations: Companies like [&hellip;]<\/p>\n","protected":false},"author":1,"featured_media":0,"parent":30686,"menu_order":0,"comment_status":"closed","ping_status":"closed","template":"","meta":{"footnotes":""},"class_list":["post-30858","page","type-page","status-publish","hentry"],"_links":{"self":[{"href":"https:\/\/vereinwelle.ch\/fr\/wp-json\/wp\/v2\/pages\/30858","targetHints":{"allow":["GET"]}}],"collection":[{"href":"https:\/\/vereinwelle.ch\/fr\/wp-json\/wp\/v2\/pages"}],"about":[{"href":"https:\/\/vereinwelle.ch\/fr\/wp-json\/wp\/v2\/types\/page"}],"author":[{"embeddable":true,"href":"https:\/\/vereinwelle.ch\/fr\/wp-json\/wp\/v2\/users\/1"}],"replies":[{"embeddable":true,"href":"https:\/\/vereinwelle.ch\/fr\/wp-json\/wp\/v2\/comments?post=30858"}],"version-history":[{"count":1,"href":"https:\/\/vereinwelle.ch\/fr\/wp-json\/wp\/v2\/pages\/30858\/revisions"}],"predecessor-version":[{"id":31198,"href":"https:\/\/vereinwelle.ch\/fr\/wp-json\/wp\/v2\/pages\/30858\/revisions\/31198"}],"up":[{"embeddable":true,"href":"https:\/\/vereinwelle.ch\/fr\/wp-json\/wp\/v2\/pages\/30686"}],"wp:attachment":[{"href":"https:\/\/vereinwelle.ch\/fr\/wp-json\/wp\/v2\/media?parent=30858"}],"curies":[{"name":"wp","href":"https:\/\/api.w.org\/{rel}","templated":true}]}}